{"id":4143,"date":"2018-01-29T18:52:45","date_gmt":"2018-01-29T17:52:45","guid":{"rendered":"http:\/\/cyberdynewebtest\/?page_id=4143"},"modified":"2021-10-12T19:41:02","modified_gmt":"2021-10-12T17:41:02","slug":"privacy-policy","status":"publish","type":"page","link":"https:\/\/www.cyberdyne.it\/en\/privacy-policy\/","title":{"rendered":"Privacy Policy"},"content":{"rendered":"<p><strong>Trattamento dei Dati Personali<\/strong><\/p>\n<p>La presente informativa, resa ai sensi dell\u2019art. 13 D.Lgs. 196\/2003 \u2013 Codice in materia di protezione dei dati personali, descrive le modalit\u00e0 di gestione del sito web www.cyberdyne.local in riferimento al trattamento dei dati personali degli utenti che lo consultano. Tale informativa si intende resa solo per il sito web summenzionato e non anche per altri siti web eventualmente consultati dall\u2019utente tramite link ivi presenti.<\/p>\n<p><strong>Titolare del trattamento<\/strong><strong><br \/>\n<\/strong>Il titolare del trattamento dei suoi dati personali, ai sensi del D. Lgs. 196\/03, \u00e8 <strong>CYBERDYNE S.R.L.<\/strong> con <strong>SEDE LEGALE VIA S. CRISANZIO 119 &#8211; 70123 BARI, ITALY <\/strong>nella persona del Sig. Ernesto Mininno, legale rappresentante, che ne \u00e8 anche responsabile, cui pu\u00f2 essere formulata qualsivoglia richiesta ai sensi del citato decreto legislativo, scrivendo a info@cyberdynewebtest.<\/p>\n<p><strong>Tipologia dei dati<\/strong><\/p>\n<p>Le informazioni richieste in fase di registrazione potranno essere utilizzate per consentire l\u2019accesso e la fruizione di eventuali servizi online.<\/p>\n<p><em>Dati di navigazione (log files)<\/em><br \/>\nI sistemi informatici e le procedure software preposte al funzionamento di questo sito web acquisiscono, nel corso del loro normale esercizio, alcuni dati personali la cui trasmissione \u00e8 implicita nell\u2019uso dei protocolli di comunicazione di Internet.<br \/>\nSi tratta di informazioni che non sono raccolte per essere associate a interessati identificati, ma che per loro stessa natura potrebbero, attraverso elaborazioni ed associazioni con dati detenuti da terzi, permettere di identificare gli utenti.<br \/>\nIn questa categoria di dati rientrano gli indirizzi IP o i nomi a dominio dei computer utilizzati dagli utenti che si connettono al sito, gli indirizzi in notazione URI (Uniform Resource Identifier) delle risorse richieste, l\u2019orario della richiesta, il metodo utilizzato nel sottoporre la richiesta al server, la dimensione del file ottenuto in risposta, il codice numerico indicante lo stato della risposta data dal server (buon fine, errore, ecc.) ed altri parametri relativi al sistema operativo e all\u2019ambiente informatico dell\u2019utente.<br \/>\nQuesti dati vengono utilizzati al solo fine di ricavare informazioni statistiche anonime sull\u2019uso del sito e per controllarne il corretto funzionamento e sono conservati per i tempi definiti dalla normativa legale di riferimento. I dati potrebbero essere utilizzati per l\u2019accertamento di responsabilit\u00e0 in caso di ipotetici reati informatici ai danni del sito.<\/p>\n<p><em>Dati forniti volontariamente dagli utenti<\/em><br \/>\nL\u2019inserimento facoltativo dei dati nei form presenti sul sito cos\u00ec come l\u2019invio facoltativo, esplicito e volontario di dati nei moduli web o di posta elettronica agli indirizzi indicati su questo sito, per l\u2019ottenimento di servizi specifici (ad esempio la newsletter) e\/o di comunicazioni e informazioni comporta la successiva acquisizione dell\u2019indirizzo del mittente, necessario per rispondere alle richieste o per fornire i servizi, le comunicazioni e le informazioni richieste, nonch\u00e9 degli eventuali altri dati personali inseriti.<\/p>\n<p><em>Cookies<\/em><br \/>\nQuesto sito web utilizza i servizi di monitoraggio web, come i cookie o codice javascript. Questi servizi di informazione di registrazione trasmessi da un server web al computer dell\u2019utente, al fine di identificare quando ritorno a detto sito.<br \/>\nQuesti strumenti consentono l\u2019analisi del traffico web, sostengono l\u2019efficienza del sito web e permettono alle applicazioni web di inviare informazioni dedicate ai propri utenti.<br \/>\nTutte le informazioni sui cookie sia dal sito web www.cyberdyne.local e di terzi integrate nel sito, \u00e8 disponibile all\u2019indirizzo www.cyberdyne.local \/cookie. In questa pagina troverete informazioni su come e dove disattivare i cookie sul vostro dispositivo o per le applicazioni esterne di cui questo sito si serve.<\/p>\n<p><strong>Finalit\u00e0 del trattamento<\/strong><\/p>\n<p>I Suoi dati personali, gi\u00e0 in nostro possesso, che Le saranno richiesti, che ci verranno comunicati da Lei o da terzi, verranno trattati per le seguenti finalit\u00e0: rapporti commerciali (offerte, contratti, ordini, materiale pubblicitario); rapporti; espletamento di eventuali esigenze legali, amministrative e tecniche; obblighi di legge.<br \/>\nI dati personali in questione verranno trattati con strumenti elettronici, informatici e cartacei, nel rispetto della norma ai sensi del Disciplinare Tecnico in materia di misure minime di sicurezza, Allegato B del D.Lgs. n\u00b0 196 del 30 giugno 2003. I soggetti autorizzati al trattamento dei Suoi dati personali \u2013 personale amministrativo, personale commerciale e personale tecnico per la manutenzione e assistenza delle apparecchiature informatiche e delle relative procedure di elaborazione \u2013 saranno costantemente identificati e opportunamente istruiti e resi edotti dei vincoli imposti dal D.Lgs. 196\/03.<\/p>\n<p><strong>Ambito di diffusione<\/strong><br \/>\nIl trattamento dei dati in oggetto, svolto con le finalit\u00e0 e modalit\u00e0 di cui precedente paragrafo, potr\u00e0 includere anche la comunicazione degli stessi a soggetti terzi, quali: istituti di credito per le operazioni bancarie, consulenti e liberi professionisti per l\u2019espletamento degli obblighi contabili e fiscali e per eventuali esigenze legali e amministrative, organi ispettivi preposti alla vigilanza in materia finanziaria.<\/p>\n<p><strong>Natura del conferimento dei dati<\/strong><br \/>\nI Suoi dati personali, come \u00e8 facile comprendere, sono necessari per gli scopi sopra indicati ma il suo conferimento non ha natura obbligatoria. Tuttavia, il mancato conferimento o il rifiuto a consentire il loro trattamento potrebbero compromettere il regolare svolgimento del rapporto con la nostra Azienda.<\/p>\n<p><strong>Diritto di accesso ai dati personali e altri diritti<\/strong><br \/>\nL\u2019interessato ha diritto di ottenere la conferma dell\u2019esistenza o meno di dati personali che lo riguardano, anche se non ancora registrati, e la loro comunicazione in forma intelligibile. L\u2019interessato ha diritto di ottenere l\u2019indicazione:<\/p>\n<ol>\n<li style=\"list-style-type: none;\">\n<ol>\n<li>a) dell\u2019origine dei dati personali;<br \/>\nb) delle finalit\u00e0 e modalit\u00e0 del trattamento;<br \/>\nc) della logica applicata in caso di trattamento effettuato con l\u2019ausilio di strumenti elettronici;<br \/>\nd) degli estremi identificativi del titolare, dei responsabili e del rappresentante designato ai sensi dell\u2019articolo 5, comma 2;<br \/>\ne) dei soggetti o delle categorie di soggetti ai quali i dati personali possono essere comunicati o che possono venirne a conoscenza in qualit\u00e0 di rappresentante designato nel territorio dello Stato, di responsabili o incaricati.<\/li>\n<\/ol>\n<\/li>\n<\/ol>\n<p>L\u2019interessato ha diritto di ottenere:<\/p>\n<ol>\n<li style=\"list-style-type: none;\">\n<ol>\n<li>a) l\u2019aggiornamento, la rettificazione ovvero, quando vi ha interesse, l\u2019integrazione dei dati;<br \/>\nb) la cancellazione, la trasformazione in forma anonima o il blocco dei dati trattati in violazione di legge, compresi quelli di cui non \u00e8 necessaria la conservazione in relazione agli scopi per i quali i dati sono stati raccolti o successivamente trattati;<br \/>\nc) l\u2019attestazione che le operazioni di cui alle lettere a) e b) sono state portate a conoscenza, anche per quanto riguarda il loro contenuto, di coloro ai quali i dati sono stati comunicati o diffusi, eccettuato il caso in cui tale adempimento si rivela impossibile o comporta un impiego di mezzi manifestamente sproporzionato rispetto al diritto tutelato.<\/li>\n<\/ol>\n<\/li>\n<\/ol>\n<p>L\u2019interessato ha diritto di opporsi, in tutto o in parte:<\/p>\n<ol>\n<li style=\"list-style-type: none;\">\n<ol>\n<li>a) per motivi legittimi al trattamento dei dati personali che lo riguardano, ancorch\u00e9 pertinenti allo scopo della raccolta;<br \/>\nb) al trattamento di dati personali che lo riguardano a fini di invio di materiale pubblicitario o di vendita diretta o per il compimento di ricerche di mercato o di comunicazione commerciale.<\/li>\n<\/ol>\n<\/li>\n<\/ol>\n<p>L\u2019utente pu\u00f2 far riferimento al sito web del Garante per la protezione dei dati personali all\u2019indirizzo http:\/\/www.garanteprivacy.it\/, per conoscere i propri diritti ed avere l\u2019aggiornamento sulla normativa in materia di tutela delle persone rispetto al trattamento dei dati personali.<\/p>\n","protected":false},"excerpt":{"rendered":"<p>Trattamento dei Dati Personali La presente informativa, resa ai sensi dell\u2019art. 13 D.Lgs. 196\/2003 \u2013 Codice in materia di protezione dei dati personali, descrive le modalit\u00e0 di gestione del sito web www.cyberdyne.local in riferimento al trattamento dei dati personali degli utenti che lo consultano. Tale informativa si intende resa solo per il sito web summenzionato &#8230; <a title=\"Privacy Policy\" class=\"read-more\" href=\"https:\/\/www.cyberdyne.it\/en\/privacy-policy\/\" aria-label=\"More on Privacy Policy\">Read more<\/a><\/p>\n","protected":false},"author":3,"featured_media":0,"parent":0,"menu_order":0,"comment_status":"closed","ping_status":"closed","template":"","meta":[],"acf":[],"_links":{"self":[{"href":"https:\/\/www.cyberdyne.it\/en\/wp-json\/wp\/v2\/pages\/4143\/"}],"collection":[{"href":"https:\/\/www.cyberdyne.it\/en\/wp-json\/wp\/v2\/pages\/"}],"about":[{"href":"https:\/\/www.cyberdyne.it\/en\/wp-json\/wp\/v2\/types\/page\/"}],"author":[{"embeddable":true,"href":"https:\/\/www.cyberdyne.it\/en\/wp-json\/wp\/v2\/users\/3\/"}],"replies":[{"embeddable":true,"href":"https:\/\/www.cyberdyne.it\/en\/wp-json\/wp\/v2\/comments\/?post=4143"}],"version-history":[{"count":0,"href":"https:\/\/www.cyberdyne.it\/en\/wp-json\/wp\/v2\/pages\/4143\/revisions\/"}],"wp:attachment":[{"href":"https:\/\/www.cyberdyne.it\/en\/wp-json\/wp\/v2\/media\/?parent=4143"}],"curies":[{"name":"wp","href":"https:\/\/api.w.org\/{rel}","templated":true}]}}