{"id":4146,"date":"2018-01-29T18:53:11","date_gmt":"2018-01-29T17:53:11","guid":{"rendered":"http:\/\/cyberdynewebtest\/?page_id=4146"},"modified":"2019-03-26T13:01:50","modified_gmt":"2019-03-26T12:01:50","slug":"cookies","status":"publish","type":"page","link":"https:\/\/www.cyberdyne.it\/en\/cookies\/","title":{"rendered":"Cookies"},"content":{"rendered":"<p>Testo informativa <strong>CYBERDYNE S.R.L.<\/strong><\/p>\n<p>INFORMATIVA PRIVACY SUI COOKIES \u2013 ART. 13 CODICE DELLA PRIVACY<\/p>\n<p>COOKIE<\/p>\n<p><strong>Titolare del trattamento.<\/strong><\/p>\n<p>Il titolare dei trattamenti dei dati raccolti tramite www.cyberdyne.local, ai sensi e per gli effetti del D. Lgs. 30 Giugno 2003 n. 196, \u00e8 <strong>CYBERDYNE S.R.L.<\/strong> con <strong>SEDE LEGALE VIA S. CRISANZIO 119 &#8211; 70123 BARI, ITALY. <\/strong><\/p>\n<p><strong>Definizione di cookies:<\/strong><\/p>\n<p>I cookies sono piccoli file di testo inviati dal Sito al terminale dell\u2019interessato (solitamente al browser), dove vengono memorizzati per essere poi ritrasmessi al Sito alla successiva visita del medesimo utente. Un cookie non pu\u00f2 richiamare nessun altro dato dal disco fisso dell\u2019utente n\u00e9 trasmettere virus informatici o acquisire indirizzi email. Con il termine \u2018cookie\u2019 si vuol far riferimento ai cookies e a tutte le tecnologie similari.<\/p>\n<p>I cookie possono comportare la trasmissione di informazioni tra il sito Web e il dispositivo e tra quest\u2019ultimo e altri siti che operano per conto di <strong>CYBERDYNE S.R.L. <\/strong>o in privato, in conformit\u00e0 a quanto stabilito nella rispettiva Informativa sulla privacy.<\/p>\n<p>\u00c8 possibile decidere di ricevere un avviso ogni volta che viene inviato un cookie o di disabilitare tutti i cookie modificando le impostazioni del browser. Disabilitando i cookie, tuttavia, alcuni servizi del sito potrebbero non funzionare correttamente.<\/p>\n<p>Per una corretta trasparenza, il Titolare informa che sul sito sono utilizzati i seguenti cookies.<\/p>\n<p><strong>Cookie tecnici<\/strong><\/p>\n<p>Questi cookie sono fondamentali per poter navigare sul sito Web e utilizzare alcune funzionalit\u00e0. Senza i cookie tecnici, che sono strettamente necessari, i servizi base di navigazione del sito non possono essere forniti. Come chiarito nel provvedimento n. 229 dell\u20198 maggio 2014 del Garante Privacy, i cookies \u201c<em>non vengono utilizzati per scopi ulteriori e sono normalmente installati direttamente dal titolare o gestore del sito web. Possono essere suddivisi in cookie di navigazione o di sessione, che garantiscono la normale navigazione e fruizione del sito web (permettendo, ad esempio, di realizzare un acquisto o autenticarsi per accedere ad aree riservate); cookie analytics, assimilati ai cookie tecnici laddove utilizzati direttamente dal gestore del sito per raccogliere informazioni, in forma aggregata, sul numero degli utenti e su come questi visitano il sito stesso; cookie di funzionalit\u00e0, che permettono all\u2019utente la navigazione in funzione di una serie di criteri selezionati (ad esempio, la lingua, i prodotti selezionati per l\u2019acquisto) al fine di migliorare il servizio reso allo stesso<\/em>\u201d.<\/p>\n<p>In base all\u2019art. 122, comma 1, del Codice della privacy, i cookies \u201ctecnici\u201d non necessitano del consenso dell\u2019interessato.<\/p>\n<p>A titolo esemplificativo, si riportano qui di seguito alcuni cookies tecnici che vengono utilizzati sul presente sito:<\/p>\n<p>Nome cookie Generato da\/per Funzione<\/p>\n<p>_utma Google Webmaster e Analytics Cookie tecnico usato per registrare il tempo di visita dell\u2019utente<\/p>\n<p>_utmc Google Webmaster e Analytics Cookie tecnico usato per permettere la compatibilit\u00e0 con il vecchio codice noto come Urchin<\/p>\n<p>_utmz Google Webmaster e Analytics Cookie tecnico usato per registrare la provenienza del traffico sul sito<\/p>\n<p>_ga Google Universal Analytics Cookie tecnico usato per distinguere gli utenti univocamente<\/p>\n<p><strong><em>Cookie per le prestazioni (cookie analytics)<\/em><\/strong><\/p>\n<p>\u00c8 possibile che la nostra Azienda (o i fornitori di servizi che operano per conto dell\u2019Azienda stessa) inserisca dei cookie per le prestazioni nel dispositivo di navigazione degli utenti. Le informazioni raccolte mediante i cookie per le prestazioni sono utilizzate esclusivamente da <strong>CYBERDYNE S.R.L.<\/strong><\/p>\n<p>I cookie per le prestazioni raccolgono informazioni anonime relative al modo in cui gli utenti utilizzano il sito Web e le sue varie funzionalit\u00e0. Ad esempio, i cookie per le prestazioni utilizzati da <strong>CYBERDYNE S.R.L.<\/strong>raccolgono informazioni in merito alle pagine del sito visitate pi\u00f9 di frequente, ma non raccolgono informazioni di carattere personale.<\/p>\n<p>Continuando a utilizzare questo sito Web e le sue funzionalit\u00e0, si autorizza la nostra societ\u00e0 a inserire cookie per le prestazioni nel dispositivo di navigazione dell\u2019utente.<\/p>\n<p><strong><em>Cookies di Terze Parti<\/em><\/strong><\/p>\n<p>Nel corso della navigazione sul Sito l\u2019utente potrebbe ricevere sul suo terminale anche cookies di siti o di web server diversi (c.d. cookies di \u201cterze parti\u201d): ci\u00f2 accade perch\u00e9 sul Sito possono essere presenti elementi come, ad esempio, immagini, mappe, suoni, specifici link a pagine web di altri domini che risiedono su server diversi da quello sul quale si trova la pagina richiesta. In altre parole, detti cookies sono impostati direttamente da gestori di siti web o servers diversi dal Sito. Questi cookies possono essere inviati al browser dell\u2019utente da societ\u00e0 terze direttamente dal loro sito web cui \u00e8 possibile accedere navigando dal sito www.cyberdyne.local.<\/p>\n<p>In tali casi, <strong>CYBERDYNE S.R.L. <\/strong>\u00e8 estranea all\u2019operativit\u00e0 di tali cookies, il cui invio rientra nella responsabilit\u00e0 di tali societ\u00e0 terze. Secondo il Garante per la privacy: \u201c<em>L\u2019obbligo di informare l\u2019utente sull\u2019uso dei cookie e di acquisirne eventualmente il preventivo consenso incombe sul gestore del sito che li usa, in qualit\u00e0 di titolare del trattamento. Nel caso in cui un sito consenta la trasmissione anche di cookie di \u201cterze parti\u201d, l\u2019informativa e l\u2019acquisizione del consenso sono di norma a carico del terzo. \u00c8 necessario che l\u2019utente venga adeguatamente informato, seppur con le modalit\u00e0 semplificate previste dalla legge, nel momento in cui accede al sito che consente la memorizzazione dei cookie terze parti, ovvero quando accede ai contenuti forniti dalle terze parti e, comunque, prima che i cookie vengano scaricati sul suo terminale<\/em>\u201d.<\/p>\n<p>A titolo di esempio, si riportano qui di seguito alcuni cookies di Terze Parti utilizzati sul presente sito e relativi link di collegamento alle pagine informative e di gestione dei cookies dei siti di Terze Parti:<\/p>\n<p>Google Analytics Informativa: https:\/\/www.google.it\/policies\/privacy\/partners\/<\/p>\n<p>Google Analytics Configurazione: https:\/\/tools.google.com\/dlpage\/gaoptout<\/p>\n<p>\u2014\u2014-<\/p>\n<p>Facebook Informativa: https:\/\/www.facebook.com\/help\/cookies\/<\/p>\n<p>Facebook Configurazione: accedere al proprio account. Sezione privacy.<\/p>\n<p>\u2014\u2014<\/p>\n<p>Google+ Informativa: http:\/\/www.google.it\/intl\/it\/policies\/technologies\/cookies\/<\/p>\n<p>Google+ Configurazione): http:\/\/www.google.it\/intl\/it\/policies\/technologies\/managing\/<\/p>\n<p>\u2014\u2014\u2013<\/p>\n<p><strong><em>Cookies di Profilazione<\/em><\/strong><\/p>\n<p>Il sito di <strong>CYBERDYNE S.R.L.<\/strong>utilizza cookies di profilazione di Terze Parti.<\/p>\n<p>I cookies di profilazione sono cookie utilizzati per tracciare la navigazione dell\u2019utente in rete e creare profili sui suoi gusti, abitudini, scelte, ecc. Con questi cookie possono essere trasmessi al terminale dell\u2019utente messaggi pubblicitari in linea con le preferenze gi\u00e0 manifestate dallo stesso utente nella navigazione.<\/p>\n<p><strong>Consenso<\/strong><\/p>\n<p>Il consenso dell\u2019interessato \u00e8 facoltativo. In caso di mancato conferimento del consenso, <strong>CYBERDYNE S.R.L. <\/strong>non potr\u00e0 procedere ai trattamenti di marketing di cui sopra. In caso di diniego, non vi sar\u00e0 alcuna conseguenza circa la possibilit\u00e0 di accedere al Sito.<\/p>\n<p><strong>Abilitazione\/disabilitazione di cookie tramite il browser<\/strong><\/p>\n<p>Si riportano di seguito le istruzioni per gestire e disattivare i cookie.<\/p>\n<p>La maggioranza dei browser Internet (es. Microsoft Windows Explorer, Google Chrome, Mozilla Firefox, Apple Safari) sono inizialmente impostati per accettare i cookies in modo automatico. \u00c8 possibile modificare le impostazioni del browser in modo autonomo, per accettare o rifiutare i cookie o decidere di ricevere un messaggio di avviso prima di accettare un cookie dai siti Web visitati. Disabilitando completamente i cookie nel browser, potrebbe non essere possibile utilizzare tutte le funzionalit\u00e0 interattive del sito di <strong>CYBERDYNE S.R.L.<\/strong><\/p>\n<p>In caso di utilizzo di pi\u00f9 computer in postazioni diverse, \u00e8 necessario che verificare che ogni browser sia impostato in modo da soddisfare le preferenze. In caso di dispositivi diversi (per esempio computer, smartphone, tablet, ecc.), occorre assicurarsi che ciascun browser su ciascun dispositivo sia regolato in base alle preferenze relative ai cookies.<\/p>\n<p>\u00c8 anche possibile eliminare tutti i cookie installati nella cartella dei cookie del browser. Ciascun browser presenta procedure diverse per la gestione delle impostazioni dei cookies.<\/p>\n<p>Di seguito si indicano i link alle pagine specifiche dei diversi browser per la gestione dei cookies:<\/p>\n<p>Chrome: https:\/\/support.google.com\/chrome\/answer\/95647?hl=it<\/p>\n<p>Firefox: https:\/\/support.mozilla.org\/it\/kb\/Gestione%20dei%20cookie<\/p>\n<p>Internet Explorer: http:\/\/windows.microsoft.com\/it-it\/windows7\/how-to-manage-cookies-in-internet-explorer-9<\/p>\n<p>Opera: http:\/\/help.opera.com\/Windows\/10.00\/it\/cookies.html<\/p>\n<p>Safari: http:\/\/support.apple.com\/kb\/HT1677?viewlocale=it_IT<\/p>\n<p><strong>Aggiornamento dell\u2019informativa<\/strong><\/p>\n<p><strong>CYBERDYNE S.R.L. <\/strong>manterr\u00e0 la presente informativa costantemente aggiornata.<\/p>\n<p>Ultimo aggiornamento: 28\/11\/2017<\/p>\n","protected":false},"excerpt":{"rendered":"<p>Testo informativa CYBERDYNE S.R.L. INFORMATIVA PRIVACY SUI COOKIES \u2013 ART. 13 CODICE DELLA PRIVACY COOKIE Titolare del trattamento. Il titolare dei trattamenti dei dati raccolti tramite www.cyberdyne.local, ai sensi e per gli effetti del D. Lgs. 30 Giugno 2003 n. 196, \u00e8 CYBERDYNE S.R.L. con SEDE LEGALE VIA S. CRISANZIO 119 &#8211; 70123 BARI, ITALY. &#8230; <a title=\"Cookies\" class=\"read-more\" href=\"https:\/\/www.cyberdyne.it\/en\/cookies\/\" aria-label=\"More on Cookies\">Read more<\/a><\/p>\n","protected":false},"author":3,"featured_media":0,"parent":0,"menu_order":0,"comment_status":"closed","ping_status":"closed","template":"","meta":[],"acf":[],"_links":{"self":[{"href":"https:\/\/www.cyberdyne.it\/en\/wp-json\/wp\/v2\/pages\/4146\/"}],"collection":[{"href":"https:\/\/www.cyberdyne.it\/en\/wp-json\/wp\/v2\/pages\/"}],"about":[{"href":"https:\/\/www.cyberdyne.it\/en\/wp-json\/wp\/v2\/types\/page\/"}],"author":[{"embeddable":true,"href":"https:\/\/www.cyberdyne.it\/en\/wp-json\/wp\/v2\/users\/3\/"}],"replies":[{"embeddable":true,"href":"https:\/\/www.cyberdyne.it\/en\/wp-json\/wp\/v2\/comments\/?post=4146"}],"version-history":[{"count":0,"href":"https:\/\/www.cyberdyne.it\/en\/wp-json\/wp\/v2\/pages\/4146\/revisions\/"}],"wp:attachment":[{"href":"https:\/\/www.cyberdyne.it\/en\/wp-json\/wp\/v2\/media\/?parent=4146"}],"curies":[{"name":"wp","href":"https:\/\/api.w.org\/{rel}","templated":true}]}}